{"id":2102,"date":"2015-12-09T14:46:26","date_gmt":"2015-12-09T11:46:26","guid":{"rendered":"https:\/\/aspaplastik.com\/?page_id=2102"},"modified":"2022-12-19T01:54:11","modified_gmt":"2022-12-18T22:54:11","slug":"plastic-raw-materials","status":"publish","type":"page","link":"https:\/\/aspaplastik.com\/en\/plastic-raw-materials\/","title":{"rendered":"Plastic Raw Materials"},"content":{"rendered":"\t\t<div data-elementor-type=\"wp-page\" data-elementor-id=\"2102\" class=\"elementor elementor-2102 elementor-54\" data-elementor-settings=\"[]\">\n\t\t\t\t\t\t\t<div class=\"elementor-section-wrap\">\n\t\t\t\t\t\t\t<section class=\"elementor-section elementor-top-section elementor-element elementor-element-48f8f713 elementor-section-full_width elementor-section-stretched elementor-section-height-default elementor-section-height-default\" data-id=\"48f8f713\" data-element_type=\"section\" data-settings=\"{&quot;background_background&quot;:&quot;classic&quot;,&quot;stretch_section&quot;:&quot;section-stretched&quot;}\">\n\t\t\t\t\t\t<div class=\"elementor-container elementor-column-gap-no\">\n\t\t\t\t\t<div class=\"elementor-column elementor-col-100 elementor-top-column elementor-element elementor-element-f4796a5\" data-id=\"f4796a5\" data-element_type=\"column\">\n\t\t\t<div class=\"elementor-widget-wrap elementor-element-populated\">\n\t\t\t\t\t\t\t\t<section class=\"elementor-section elementor-inner-section elementor-element elementor-element-4cb15e9b elementor-section-full_width elementor-section-height-default elementor-section-height-default\" data-id=\"4cb15e9b\" data-element_type=\"section\">\n\t\t\t\t\t\t<div class=\"elementor-container elementor-column-gap-default\">\n\t\t\t\t\t<div class=\"elementor-column elementor-col-25 elementor-inner-column elementor-element elementor-element-5c1001f9\" data-id=\"5c1001f9\" data-element_type=\"column\">\n\t\t\t<div class=\"elementor-widget-wrap elementor-element-populated\">\n\t\t\t\t\t\t\t\t<div class=\"elementor-element elementor-element-603e445c ekit-equal-height-disable elementor-widget elementor-widget-elementskit-image-box\" data-id=\"603e445c\" data-element_type=\"widget\" data-widget_type=\"elementskit-image-box.default\">\n\t\t\t\t<div class=\"elementor-widget-container\">\n\t\t\t<div class=\"ekit-wid-con\" >\n            <div class=\"elementskit-info-image-box ekit-image-box text-center style-modern\" >\n\n                \n                <div class=\"elementskit-box-header image-box-img-center\">\n\n                    <img loading=\"lazy\" decoding=\"async\" width=\"700\" height=\"700\" src=\"https:\/\/aspaplastik.com\/wp-content\/uploads\/2021\/10\/pvc.jpg\" class=\"attachment-full size-full\" alt=\"\" srcset=\"https:\/\/aspaplastik.com\/wp-content\/uploads\/2021\/10\/pvc.jpg 700w, https:\/\/aspaplastik.com\/wp-content\/uploads\/2021\/10\/pvc-300x300.jpg 300w, https:\/\/aspaplastik.com\/wp-content\/uploads\/2021\/10\/pvc-150x150.jpg 150w, https:\/\/aspaplastik.com\/wp-content\/uploads\/2021\/10\/pvc-146x146.jpg 146w, https:\/\/aspaplastik.com\/wp-content\/uploads\/2021\/10\/pvc-50x50.jpg 50w, https:\/\/aspaplastik.com\/wp-content\/uploads\/2021\/10\/pvc-75x75.jpg 75w, https:\/\/aspaplastik.com\/wp-content\/uploads\/2021\/10\/pvc-85x85.jpg 85w, https:\/\/aspaplastik.com\/wp-content\/uploads\/2021\/10\/pvc-80x80.jpg 80w\" sizes=\"auto, (max-width: 700px) 100vw, 700px\" \/>\n                <\/div>\n                \n                <div class=\"elementskit-box-body ekit-image-box-body\">\n                    <div class=\"elementskit-box-content ekit-image-box-body-inner\">\n                                                <h3 class=\"elementskit-info-box-title\">\n\n                        \n                        POLYVINYL CHLORIDE\n                        \n                    <\/h3>\n                                                            <div class=\"elementskit-box-style-content\">\n                        Uses of PVC include door and window profiles, vinyl, piping and plumbing materials, electrical cables, and flooring materials. Due to its flexibility and low cost, the material is widely used for pipelines in the water and wastewater industry.                    <\/div>\n                                    <\/div>\n\n                            <\/div>\n            <\/div>\n    <\/div>\t\t<\/div>\n\t\t\t\t<\/div>\n\t\t\t\t\t<\/div>\n\t\t<\/div>\n\t\t\t\t<div class=\"elementor-column elementor-col-25 elementor-inner-column elementor-element elementor-element-36e8e94b\" data-id=\"36e8e94b\" data-element_type=\"column\">\n\t\t\t<div class=\"elementor-widget-wrap elementor-element-populated\">\n\t\t\t\t\t\t\t\t<div class=\"elementor-element elementor-element-76e4616e ekit-equal-height-disable elementor-widget elementor-widget-elementskit-image-box\" data-id=\"76e4616e\" data-element_type=\"widget\" data-widget_type=\"elementskit-image-box.default\">\n\t\t\t\t<div class=\"elementor-widget-container\">\n\t\t\t<div class=\"ekit-wid-con\" >\n            <div class=\"elementskit-info-image-box ekit-image-box text-center style-modern\" >\n\n                \n                <div class=\"elementskit-box-header image-box-img-center\">\n\n                    <img loading=\"lazy\" decoding=\"async\" width=\"700\" height=\"700\" src=\"https:\/\/aspaplastik.com\/wp-content\/uploads\/2021\/10\/polipropolen2.jpg\" class=\"attachment-full size-full\" alt=\"\" srcset=\"https:\/\/aspaplastik.com\/wp-content\/uploads\/2021\/10\/polipropolen2.jpg 700w, https:\/\/aspaplastik.com\/wp-content\/uploads\/2021\/10\/polipropolen2-300x300.jpg 300w, https:\/\/aspaplastik.com\/wp-content\/uploads\/2021\/10\/polipropolen2-150x150.jpg 150w, https:\/\/aspaplastik.com\/wp-content\/uploads\/2021\/10\/polipropolen2-146x146.jpg 146w, https:\/\/aspaplastik.com\/wp-content\/uploads\/2021\/10\/polipropolen2-50x50.jpg 50w, https:\/\/aspaplastik.com\/wp-content\/uploads\/2021\/10\/polipropolen2-75x75.jpg 75w, https:\/\/aspaplastik.com\/wp-content\/uploads\/2021\/10\/polipropolen2-85x85.jpg 85w, https:\/\/aspaplastik.com\/wp-content\/uploads\/2021\/10\/polipropolen2-80x80.jpg 80w\" sizes=\"auto, (max-width: 700px) 100vw, 700px\" \/>\n                <\/div>\n                \n                <div class=\"elementskit-box-body ekit-image-box-body\">\n                    <div class=\"elementskit-box-content ekit-image-box-body-inner\">\n                                                <h3 class=\"elementskit-info-box-title\">\n\n                        \n                        POLYPROPYLENE\n                        \n                    <\/h3>\n                                                            <div class=\"elementskit-box-style-content\">\n                        Polypropylene is a thermoplastic polymer with many uses, from parts used in the automotive industry to textile and food packaging. It is a type of material resulting from the stretching of polypropylene (PP), the raw material of plastic, and itschange.                    <\/div>\n                                    <\/div>\n\n                            <\/div>\n            <\/div>\n    <\/div>\t\t<\/div>\n\t\t\t\t<\/div>\n\t\t\t\t\t<\/div>\n\t\t<\/div>\n\t\t\t\t<div class=\"elementor-column elementor-col-25 elementor-inner-column elementor-element elementor-element-341c780\" data-id=\"341c780\" data-element_type=\"column\">\n\t\t\t<div class=\"elementor-widget-wrap elementor-element-populated\">\n\t\t\t\t\t\t\t\t<div class=\"elementor-element elementor-element-2202eb0 ekit-equal-height-disable elementor-widget elementor-widget-elementskit-image-box\" data-id=\"2202eb0\" data-element_type=\"widget\" data-widget_type=\"elementskit-image-box.default\">\n\t\t\t\t<div class=\"elementor-widget-container\">\n\t\t\t<div class=\"ekit-wid-con\" >\n            <div class=\"elementskit-info-image-box ekit-image-box text-center style-modern\" >\n\n                \n                <div class=\"elementskit-box-header image-box-img-center\">\n\n                    <img loading=\"lazy\" decoding=\"async\" width=\"700\" height=\"700\" src=\"https:\/\/aspaplastik.com\/wp-content\/uploads\/2021\/10\/Adsiz-3.jpg\" class=\"attachment-full size-full\" alt=\"\" srcset=\"https:\/\/aspaplastik.com\/wp-content\/uploads\/2021\/10\/Adsiz-3.jpg 700w, https:\/\/aspaplastik.com\/wp-content\/uploads\/2021\/10\/Adsiz-3-300x300.jpg 300w, https:\/\/aspaplastik.com\/wp-content\/uploads\/2021\/10\/Adsiz-3-150x150.jpg 150w, https:\/\/aspaplastik.com\/wp-content\/uploads\/2021\/10\/Adsiz-3-146x146.jpg 146w, https:\/\/aspaplastik.com\/wp-content\/uploads\/2021\/10\/Adsiz-3-50x50.jpg 50w, https:\/\/aspaplastik.com\/wp-content\/uploads\/2021\/10\/Adsiz-3-75x75.jpg 75w, https:\/\/aspaplastik.com\/wp-content\/uploads\/2021\/10\/Adsiz-3-85x85.jpg 85w, https:\/\/aspaplastik.com\/wp-content\/uploads\/2021\/10\/Adsiz-3-80x80.jpg 80w\" sizes=\"auto, (max-width: 700px) 100vw, 700px\" \/>\n                <\/div>\n                \n                <div class=\"elementskit-box-body ekit-image-box-body\">\n                    <div class=\"elementskit-box-content ekit-image-box-body-inner\">\n                                                <h3 class=\"elementskit-info-box-title\">\n\n                        \n                        POLYTHENE\n                        \n                    <\/h3>\n                                                            <div class=\"elementskit-box-style-content\">\n                        It is a polymer produced by polymerization from styrene as a monomer. It is used in the plastics industry under the abbreviation PS. At room temperature, polystyrene is a solid thermoplastic. When processed by injection or extrusion, it is turned into a liquid at high temperatures.                    <\/div>\n                                    <\/div>\n\n                            <\/div>\n            <\/div>\n    <\/div>\t\t<\/div>\n\t\t\t\t<\/div>\n\t\t\t\t\t<\/div>\n\t\t<\/div>\n\t\t\t\t<div class=\"elementor-column elementor-col-25 elementor-inner-column elementor-element elementor-element-6fbf0c4\" data-id=\"6fbf0c4\" data-element_type=\"column\">\n\t\t\t<div class=\"elementor-widget-wrap elementor-element-populated\">\n\t\t\t\t\t\t\t\t<div class=\"elementor-element elementor-element-2430c56 ekit-equal-height-disable elementor-widget elementor-widget-elementskit-image-box\" data-id=\"2430c56\" data-element_type=\"widget\" data-widget_type=\"elementskit-image-box.default\">\n\t\t\t\t<div class=\"elementor-widget-container\">\n\t\t\t<div class=\"ekit-wid-con\" >\n            <div class=\"elementskit-info-image-box ekit-image-box text-center style-modern\" >\n\n                \n                <div class=\"elementskit-box-header image-box-img-center\">\n\n                    <img loading=\"lazy\" decoding=\"async\" width=\"700\" height=\"700\" src=\"https:\/\/aspaplastik.com\/wp-content\/uploads\/2021\/10\/polietilen.jpg\" class=\"attachment-full size-full\" alt=\"\" srcset=\"https:\/\/aspaplastik.com\/wp-content\/uploads\/2021\/10\/polietilen.jpg 700w, https:\/\/aspaplastik.com\/wp-content\/uploads\/2021\/10\/polietilen-300x300.jpg 300w, https:\/\/aspaplastik.com\/wp-content\/uploads\/2021\/10\/polietilen-150x150.jpg 150w, https:\/\/aspaplastik.com\/wp-content\/uploads\/2021\/10\/polietilen-146x146.jpg 146w, https:\/\/aspaplastik.com\/wp-content\/uploads\/2021\/10\/polietilen-50x50.jpg 50w, https:\/\/aspaplastik.com\/wp-content\/uploads\/2021\/10\/polietilen-75x75.jpg 75w, https:\/\/aspaplastik.com\/wp-content\/uploads\/2021\/10\/polietilen-85x85.jpg 85w, https:\/\/aspaplastik.com\/wp-content\/uploads\/2021\/10\/polietilen-80x80.jpg 80w\" sizes=\"auto, (max-width: 700px) 100vw, 700px\" \/>\n                <\/div>\n                \n                <div class=\"elementskit-box-body ekit-image-box-body\">\n                    <div class=\"elementskit-box-content ekit-image-box-body-inner\">\n                                                <h5 class=\"elementskit-info-box-title\">\n\n                        \n                        POLYETHYLENE\n                        \n                    <\/h5>\n                                                            <div class=\"elementskit-box-style-content\">\n                        Polyethylene is classified into various categories based on density and chemical properties. Its mechanical properties depend on its molecular weight, crystal structure, and branching type. - HDPE (high-density PE) - LDPE (low-density PE)                    <\/div>\n                                    <\/div>\n\n                            <\/div>\n            <\/div>\n    <\/div>\t\t<\/div>\n\t\t\t\t<\/div>\n\t\t\t\t\t<\/div>\n\t\t<\/div>\n\t\t\t\t\t\t\t<\/div>\n\t\t<\/section>\n\t\t\t\t\t<\/div>\n\t\t<\/div>\n\t\t\t\t\t\t\t<\/div>\n\t\t<\/section>\n\t\t\t\t<section class=\"elementor-section elementor-top-section elementor-element elementor-element-99ee25e elementor-hidden-desktop elementor-hidden-tablet elementor-hidden-mobile elementor-section-boxed elementor-section-height-default elementor-section-height-default\" data-id=\"99ee25e\" data-element_type=\"section\">\n\t\t\t\t\t\t<div class=\"elementor-container elementor-column-gap-default\">\n\t\t\t\t\t<div class=\"elementor-column elementor-col-100 elementor-top-column elementor-element elementor-element-6c0715f\" data-id=\"6c0715f\" data-element_type=\"column\">\n\t\t\t<div class=\"elementor-widget-wrap elementor-element-populated\">\n\t\t\t\t\t\t\t\t<div class=\"elementor-element elementor-element-de0c0fc elementor-widget elementor-widget-spacer\" data-id=\"de0c0fc\" data-element_type=\"widget\" data-widget_type=\"spacer.default\">\n\t\t\t\t<div class=\"elementor-widget-container\">\n\t\t\t\t\t<div class=\"elementor-spacer\">\n\t\t\t<div class=\"elementor-spacer-inner\"><\/div>\n\t\t<\/div>\n\t\t\t\t<\/div>\n\t\t\t\t<\/div>\n\t\t\t\t<div class=\"elementor-element elementor-element-d414b16 elementor-widget elementor-widget-mfn_promo_box\" data-id=\"d414b16\" data-element_type=\"widget\" data-widget_type=\"mfn_promo_box.default\">\n\t\t\t\t<div class=\"elementor-widget-container\">\n\t\t\t<div class=\"promo_box no_border\"><div class=\"promo_box_wrapper promo_box_left\"><div class=\"photo_wrapper\"><img loading=\"lazy\" decoding=\"async\" class=\"scale-with-grid\" src=\"https:\/\/aspaplastik.com\/wp-content\/uploads\/2021\/10\/unnamed-1-1.jpg\" alt=\"unnamed (1)\" width=\"512\" height=\"365\"\/><\/div><div class=\"desc_wrapper\"><h2>Polivinil Klor\u00fcr<\/h2><div class=\"desc\"><div>\u00a0PVC\u2019nin kullan\u0131m alanlar\u0131 aras\u0131nda, kap\u0131 ve pancere profilleri, vinil, boru ve tesisat malzemeleri , elektrik kablolar\u0131, d\u00f6\u015feme, bir malzemeleri say\u0131labilir. Esnek ve ucuz olmas\u0131 nedeni ile malzeme su ve at\u0131k su end\u00fcstrisinde boru hatlar\u0131 i\u00e7in \u00e7ok yayg\u0131n olarak kullan\u0131l\u0131r.\u00a0PVC, geri d\u00f6n\u00fc\u015febilir, yani tekrar kullan\u0131labilir bir plastiktir. Uluslararas\u0131 geri d\u00f6n\u00fc\u015f\u00fcm kodu 3 olarak belirtilmi\u015ftir.<\/div><div>\u00a0<\/div><\/div><\/div><\/div><\/div>\n\t\t<\/div>\n\t\t\t\t<\/div>\n\t\t\t\t<div class=\"elementor-element elementor-element-5c5de1b elementor-widget elementor-widget-mfn_promo_box\" data-id=\"5c5de1b\" data-element_type=\"widget\" data-widget_type=\"mfn_promo_box.default\">\n\t\t\t\t<div class=\"elementor-widget-container\">\n\t\t\t<div class=\"promo_box no_border\"><div class=\"promo_box_wrapper promo_box_left\"><div class=\"photo_wrapper\"><img loading=\"lazy\" decoding=\"async\" class=\"scale-with-grid\" src=\"https:\/\/aspaplastik.com\/wp-content\/uploads\/2021\/10\/Adsiz-2.jpg\" alt=\"Ads\u0131z (2)\" width=\"512\" height=\"365\"\/><\/div><div class=\"desc_wrapper\"><h2>Polipropilen<\/h2><div class=\"desc\"><p>\u00a0 Polipropilen , otomotiv sanayinde kullan\u0131lan par\u00e7alardan, tekstil ve yiyecek paketlemesine kadar \u00e7ok geni\u015f kullan\u0131m alan\u0131 olan termoplastik bir polimerdir. Monomer propilenin polimer hale getirilmesi ile elde edilen polipropilen kimyasal solventlere (asit ve bazlar) kar\u015f\u0131 a\u015f\u0131r\u0131 derecede diren\u00e7lidir.<\/p><\/div><\/div><\/div><\/div>\n\t\t<\/div>\n\t\t\t\t<\/div>\n\t\t\t\t<div class=\"elementor-element elementor-element-35393c8 elementor-widget elementor-widget-mfn_promo_box\" data-id=\"35393c8\" data-element_type=\"widget\" data-widget_type=\"mfn_promo_box.default\">\n\t\t\t\t<div class=\"elementor-widget-container\">\n\t\t\t<div class=\"promo_box no_border\"><div class=\"promo_box_wrapper promo_box_left\"><div class=\"photo_wrapper\"><img loading=\"lazy\" decoding=\"async\" class=\"scale-with-grid\" src=\"https:\/\/aspaplastik.com\/wp-content\/uploads\/2021\/10\/kopuk.jpg\" alt=\"k\u00f6p\u00fck\" width=\"512\" height=\"365\"\/><\/div><div class=\"desc_wrapper\"><h2>Polistren<\/h2><div class=\"desc\"><p>Monomer haldeki stiren'den polimerizasyon ile \u00fcretilen bir polimerdir. Petrolden elde edilir. Plastik end\u00fcstrisinde daha \u00e7ok PS k\u0131saltmas\u0131 ile kullan\u0131l\u0131r. Oda s\u0131cakl\u0131\u011f\u0131nda, polistiren kat\u0131 halde bir termoplastiktir, fakat enjeksiyon veya ekstr\u00fczyon yolu ile i\u015flenirken y\u00fcksek s\u0131cakl\u0131klarda eriyik hale getirilir. Daha sonra so\u011futularak tekrar kat\u0131la\u015fmas\u0131 sa\u011flan\u0131r.<\/p><\/div><\/div><\/div><\/div>\n\t\t<\/div>\n\t\t\t\t<\/div>\n\t\t\t\t<div class=\"elementor-element elementor-element-c5ec736 elementor-widget elementor-widget-mfn_promo_box\" data-id=\"c5ec736\" data-element_type=\"widget\" data-widget_type=\"mfn_promo_box.default\">\n\t\t\t\t<div class=\"elementor-widget-container\">\n\t\t\t<div class=\"promo_box no_border\"><div class=\"promo_box_wrapper promo_box_left\"><div class=\"photo_wrapper\"><img loading=\"lazy\" decoding=\"async\" class=\"scale-with-grid\" src=\"https:\/\/aspaplastik.com\/wp-content\/uploads\/2021\/10\/Adsiz2-1.jpg\" alt=\"Ads\u0131z2 (1)\" width=\"512\" height=\"365\"\/><\/div><div class=\"desc_wrapper\"><h2>Polistren<\/h2><div class=\"desc\"><div>\u00a0Polietilen yo\u011funluk ve kimyasal \u00f6zellikleri baz al\u0131narak \u00e7e\u015fitli kategorilerde s\u0131n\u0131flan\u0131r. Mekanik \u00f6zellikleri, molek\u00fcler a\u011f\u0131rl\u0131\u011f\u0131, kristal yap\u0131s\u0131 ve dallanma tipine ba\u011fl\u0131d\u0131r.<\/div><div>\u00a0<\/div><div>\u00b7 HDPE (y\u00fcksek yo\u011funluklu PE ) (high density PE)<\/div><div>\u00a0<\/div><div>\u00b7 LDPE (d\u00fc\u015f\u00fck yo\u011funluklu PE) (low density PE)<\/div><div>\u00a0<\/div><div>\u00b7 LLDPE (lineer ba\u011fl\u0131 d\u00fc\u015f\u00fck yo\u011funluklu PE) (linear low density PE)<\/div><\/div><\/div><\/div><\/div>\n\t\t<\/div>\n\t\t\t\t<\/div>\n\t\t\t\t\t<\/div>\n\t\t<\/div>\n\t\t\t\t\t\t\t<\/div>\n\t\t<\/section>\n\t\t\t\t<section class=\"elementor-section elementor-top-section elementor-element elementor-element-df66d8f elementor-section-boxed elementor-section-height-default elementor-section-height-default\" data-id=\"df66d8f\" data-element_type=\"section\">\n\t\t\t\t\t\t<div class=\"elementor-container elementor-column-gap-default\">\n\t\t\t\t\t<div class=\"elementor-column elementor-col-100 elementor-top-column elementor-element elementor-element-dd802b8\" data-id=\"dd802b8\" data-element_type=\"column\">\n\t\t\t<div class=\"elementor-widget-wrap\">\n\t\t\t\t\t\t\t\t\t<\/div>\n\t\t<\/div>\n\t\t\t\t\t\t\t<\/div>\n\t\t<\/section>\n\t\t\t\t\t\t<\/div>\n\t\t\t\t\t<\/div>\n\t\t","protected":false},"excerpt":{"rendered":"<p>POLYVINYL CHLORIDE Uses of PVC include door and window profiles, vinyl, piping and plumbing materials, electrical cables, and flooring materials. Due to its flexibility and low<span class=\"excerpt-hellip\"> [\u2026]<\/span><\/p>\n","protected":false},"author":1,"featured_media":0,"parent":0,"menu_order":0,"comment_status":"closed","ping_status":"closed","template":"","meta":{"footnotes":""},"class_list":["post-2102","page","type-page","status-publish","hentry"],"_links":{"self":[{"href":"https:\/\/aspaplastik.com\/en\/wp-json\/wp\/v2\/pages\/2102","targetHints":{"allow":["GET"]}}],"collection":[{"href":"https:\/\/aspaplastik.com\/en\/wp-json\/wp\/v2\/pages"}],"about":[{"href":"https:\/\/aspaplastik.com\/en\/wp-json\/wp\/v2\/types\/page"}],"author":[{"embeddable":true,"href":"https:\/\/aspaplastik.com\/en\/wp-json\/wp\/v2\/users\/1"}],"replies":[{"embeddable":true,"href":"https:\/\/aspaplastik.com\/en\/wp-json\/wp\/v2\/comments?post=2102"}],"version-history":[{"count":4,"href":"https:\/\/aspaplastik.com\/en\/wp-json\/wp\/v2\/pages\/2102\/revisions"}],"predecessor-version":[{"id":2106,"href":"https:\/\/aspaplastik.com\/en\/wp-json\/wp\/v2\/pages\/2102\/revisions\/2106"}],"wp:attachment":[{"href":"https:\/\/aspaplastik.com\/en\/wp-json\/wp\/v2\/media?parent=2102"}],"curies":[{"name":"wp","href":"https:\/\/api.w.org\/{rel}","templated":true}]}}