{"id":2130,"date":"2022-10-15T17:20:32","date_gmt":"2022-10-15T14:20:32","guid":{"rendered":"https:\/\/aspaplastik.com\/?page_id=2130"},"modified":"2022-12-19T02:47:22","modified_gmt":"2022-12-18T23:47:22","slug":"t-shirt-plastic-bags","status":"publish","type":"page","link":"https:\/\/aspaplastik.com\/en\/t-shirt-plastic-bags\/","title":{"rendered":"T-Shirt Plastic Bags"},"content":{"rendered":"\t\t<div data-elementor-type=\"wp-page\" data-elementor-id=\"2130\" class=\"elementor elementor-2130 elementor-1237\" data-elementor-settings=\"[]\">\n\t\t\t\t\t\t\t<div class=\"elementor-section-wrap\">\n\t\t\t\t\t\t\t<section class=\"elementor-section elementor-top-section elementor-element elementor-element-cf869f8 elementor-section-boxed elementor-section-height-default elementor-section-height-default\" data-id=\"cf869f8\" data-element_type=\"section\">\n\t\t\t\t\t\t<div class=\"elementor-container elementor-column-gap-default\">\n\t\t\t\t\t<div class=\"elementor-column elementor-col-100 elementor-top-column elementor-element elementor-element-25dc920\" data-id=\"25dc920\" data-element_type=\"column\">\n\t\t\t<div class=\"elementor-widget-wrap elementor-element-populated\">\n\t\t\t\t\t\t\t\t<div class=\"elementor-element elementor-element-2fe3b8c elementor-widget elementor-widget-image-gallery\" data-id=\"2fe3b8c\" data-element_type=\"widget\" data-settings=\"{&quot;_animation&quot;:&quot;none&quot;}\" data-widget_type=\"image-gallery.default\">\n\t\t\t\t<div class=\"elementor-widget-container\">\n\t\t\t\t\t<div class=\"elementor-image-gallery\">\n\t\t\t\n\t\t\t<style type='text\/css'>\n\t\t\t\t#sc_gallery-1 {\n\t\t\t\t\tmargin: auto;\n\t\t\t\t}\n\t\t\t\t#sc_gallery-1 .gallery-item {\n\t\t\t\t\tfloat: left;\n\t\t\t\t\tmargin-top: 10px;\n\t\t\t\t\ttext-align: center;\n\t\t\t\t\twidth: 49.99%;\n\t\t\t\t}\n\t\t\t\t#sc_gallery-1 img {\n\t\t\t\t\tborder: 2px solid #cfcfcf;\n\t\t\t\t}\n\t\t\t\t#sc_gallery-1 .gallery-caption {\n\t\t\t\t\tmargin-left: 0;\n\t\t\t\t}\n\t\t\t\t\/* see sc_gallery() in functions\/theme-shortcodes.php *\/\n\t\t\t<\/style>\n\t\t<div id='sc_gallery-1' class='gallery galleryid-2130 gallery-columns-2 gallery-size-large file'><dl class='gallery-item'>\n\t\t\t\t<dt class='gallery-icon landscape'>\n\t\t\t\t\t<a data-elementor-open-lightbox=\"yes\" data-elementor-lightbox-slideshow=\"2fe3b8c\" data-elementor-lightbox-title=\"mavi plastik po\u015fet\" href='https:\/\/aspaplastik.com\/wp-content\/uploads\/2022\/10\/mavi-plastik-poset.jpg'><img loading=\"lazy\" decoding=\"async\" width=\"1024\" height=\"682\" src=\"https:\/\/aspaplastik.com\/wp-content\/uploads\/2022\/10\/mavi-plastik-poset-1024x682.jpg\" class=\"attachment-large size-large\" alt=\"\" srcset=\"https:\/\/aspaplastik.com\/wp-content\/uploads\/2022\/10\/mavi-plastik-poset-1024x682.jpg 1024w, https:\/\/aspaplastik.com\/wp-content\/uploads\/2022\/10\/mavi-plastik-poset-300x200.jpg 300w, https:\/\/aspaplastik.com\/wp-content\/uploads\/2022\/10\/mavi-plastik-poset-768x512.jpg 768w, https:\/\/aspaplastik.com\/wp-content\/uploads\/2022\/10\/mavi-plastik-poset-219x146.jpg 219w, https:\/\/aspaplastik.com\/wp-content\/uploads\/2022\/10\/mavi-plastik-poset-50x33.jpg 50w, https:\/\/aspaplastik.com\/wp-content\/uploads\/2022\/10\/mavi-plastik-poset-113x75.jpg 113w, https:\/\/aspaplastik.com\/wp-content\/uploads\/2022\/10\/mavi-plastik-poset.jpg 1280w\" sizes=\"auto, (max-width: 1024px) 100vw, 1024px\" \/><\/a>\n\t\t\t\t<\/dt><\/dl><dl class='gallery-item'>\n\t\t\t\t<dt class='gallery-icon landscape'>\n\t\t\t\t\t<a data-elementor-open-lightbox=\"yes\" data-elementor-lightbox-slideshow=\"2fe3b8c\" data-elementor-lightbox-title=\"ye\u015fil plastik po\u015fet\" href='https:\/\/aspaplastik.com\/wp-content\/uploads\/2022\/10\/yesil-plastik-poset.jpg'><img loading=\"lazy\" decoding=\"async\" width=\"1024\" height=\"682\" src=\"https:\/\/aspaplastik.com\/wp-content\/uploads\/2022\/10\/yesil-plastik-poset-1024x682.jpg\" class=\"attachment-large size-large\" alt=\"\" srcset=\"https:\/\/aspaplastik.com\/wp-content\/uploads\/2022\/10\/yesil-plastik-poset-1024x682.jpg 1024w, https:\/\/aspaplastik.com\/wp-content\/uploads\/2022\/10\/yesil-plastik-poset-300x200.jpg 300w, https:\/\/aspaplastik.com\/wp-content\/uploads\/2022\/10\/yesil-plastik-poset-768x512.jpg 768w, https:\/\/aspaplastik.com\/wp-content\/uploads\/2022\/10\/yesil-plastik-poset-219x146.jpg 219w, https:\/\/aspaplastik.com\/wp-content\/uploads\/2022\/10\/yesil-plastik-poset-50x33.jpg 50w, https:\/\/aspaplastik.com\/wp-content\/uploads\/2022\/10\/yesil-plastik-poset-113x75.jpg 113w, https:\/\/aspaplastik.com\/wp-content\/uploads\/2022\/10\/yesil-plastik-poset.jpg 1280w\" sizes=\"auto, (max-width: 1024px) 100vw, 1024px\" \/><\/a>\n\t\t\t\t<\/dt><\/dl><br style=\"clear: both\" \/><dl class='gallery-item'>\n\t\t\t\t<dt class='gallery-icon landscape'>\n\t\t\t\t\t<a data-elementor-open-lightbox=\"yes\" data-elementor-lightbox-slideshow=\"2fe3b8c\" data-elementor-lightbox-title=\"k\u0131rm\u0131z\u0131 atlet po\u015fet\" href='https:\/\/aspaplastik.com\/wp-content\/uploads\/2022\/10\/kirmizi-atlet-poset.jpg'><img loading=\"lazy\" decoding=\"async\" width=\"1024\" height=\"682\" src=\"https:\/\/aspaplastik.com\/wp-content\/uploads\/2022\/10\/kirmizi-atlet-poset-1024x682.jpg\" class=\"attachment-large size-large\" alt=\"\" srcset=\"https:\/\/aspaplastik.com\/wp-content\/uploads\/2022\/10\/kirmizi-atlet-poset-1024x682.jpg 1024w, https:\/\/aspaplastik.com\/wp-content\/uploads\/2022\/10\/kirmizi-atlet-poset-300x200.jpg 300w, https:\/\/aspaplastik.com\/wp-content\/uploads\/2022\/10\/kirmizi-atlet-poset-768x512.jpg 768w, https:\/\/aspaplastik.com\/wp-content\/uploads\/2022\/10\/kirmizi-atlet-poset-219x146.jpg 219w, https:\/\/aspaplastik.com\/wp-content\/uploads\/2022\/10\/kirmizi-atlet-poset-50x33.jpg 50w, https:\/\/aspaplastik.com\/wp-content\/uploads\/2022\/10\/kirmizi-atlet-poset-113x75.jpg 113w, https:\/\/aspaplastik.com\/wp-content\/uploads\/2022\/10\/kirmizi-atlet-poset.jpg 1280w\" sizes=\"auto, (max-width: 1024px) 100vw, 1024px\" \/><\/a>\n\t\t\t\t<\/dt><\/dl><dl class='gallery-item'>\n\t\t\t\t<dt class='gallery-icon landscape'>\n\t\t\t\t\t<a data-elementor-open-lightbox=\"yes\" data-elementor-lightbox-slideshow=\"2fe3b8c\" data-elementor-lightbox-title=\"sar\u0131 atlet po\u015fet\" href='https:\/\/aspaplastik.com\/wp-content\/uploads\/2022\/10\/sari-atlet-poset.jpg'><img loading=\"lazy\" decoding=\"async\" width=\"1024\" height=\"682\" src=\"https:\/\/aspaplastik.com\/wp-content\/uploads\/2022\/10\/sari-atlet-poset-1024x682.jpg\" class=\"attachment-large size-large\" alt=\"\" srcset=\"https:\/\/aspaplastik.com\/wp-content\/uploads\/2022\/10\/sari-atlet-poset-1024x682.jpg 1024w, https:\/\/aspaplastik.com\/wp-content\/uploads\/2022\/10\/sari-atlet-poset-300x200.jpg 300w, https:\/\/aspaplastik.com\/wp-content\/uploads\/2022\/10\/sari-atlet-poset-768x512.jpg 768w, https:\/\/aspaplastik.com\/wp-content\/uploads\/2022\/10\/sari-atlet-poset-219x146.jpg 219w, https:\/\/aspaplastik.com\/wp-content\/uploads\/2022\/10\/sari-atlet-poset-50x33.jpg 50w, https:\/\/aspaplastik.com\/wp-content\/uploads\/2022\/10\/sari-atlet-poset-113x75.jpg 113w, https:\/\/aspaplastik.com\/wp-content\/uploads\/2022\/10\/sari-atlet-poset.jpg 1280w\" sizes=\"auto, (max-width: 1024px) 100vw, 1024px\" \/><\/a>\n\t\t\t\t<\/dt><\/dl><br style=\"clear: both\" \/><dl class='gallery-item'>\n\t\t\t\t<dt class='gallery-icon landscape'>\n\t\t\t\t\t<a data-elementor-open-lightbox=\"yes\" data-elementor-lightbox-slideshow=\"2fe3b8c\" data-elementor-lightbox-title=\"beyaz plastik atlet po\u015fet\" href='https:\/\/aspaplastik.com\/wp-content\/uploads\/2022\/10\/beyaz-plastik-atlet-poset.jpg'><img loading=\"lazy\" decoding=\"async\" width=\"1024\" height=\"682\" src=\"https:\/\/aspaplastik.com\/wp-content\/uploads\/2022\/10\/beyaz-plastik-atlet-poset-1024x682.jpg\" class=\"attachment-large size-large\" alt=\"\" srcset=\"https:\/\/aspaplastik.com\/wp-content\/uploads\/2022\/10\/beyaz-plastik-atlet-poset-1024x682.jpg 1024w, https:\/\/aspaplastik.com\/wp-content\/uploads\/2022\/10\/beyaz-plastik-atlet-poset-300x200.jpg 300w, https:\/\/aspaplastik.com\/wp-content\/uploads\/2022\/10\/beyaz-plastik-atlet-poset-768x512.jpg 768w, https:\/\/aspaplastik.com\/wp-content\/uploads\/2022\/10\/beyaz-plastik-atlet-poset-219x146.jpg 219w, https:\/\/aspaplastik.com\/wp-content\/uploads\/2022\/10\/beyaz-plastik-atlet-poset-50x33.jpg 50w, https:\/\/aspaplastik.com\/wp-content\/uploads\/2022\/10\/beyaz-plastik-atlet-poset-113x75.jpg 113w, https:\/\/aspaplastik.com\/wp-content\/uploads\/2022\/10\/beyaz-plastik-atlet-poset.jpg 1280w\" sizes=\"auto, (max-width: 1024px) 100vw, 1024px\" \/><\/a>\n\t\t\t\t<\/dt><\/dl><dl class='gallery-item'>\n\t\t\t\t<dt class='gallery-icon landscape'>\n\t\t\t\t\t<a data-elementor-open-lightbox=\"yes\" data-elementor-lightbox-slideshow=\"2fe3b8c\" data-elementor-lightbox-title=\"siyah atlet po\u015fet\" href='https:\/\/aspaplastik.com\/wp-content\/uploads\/2022\/10\/siyah-atlet-poset.jpg'><img loading=\"lazy\" decoding=\"async\" width=\"1024\" height=\"682\" src=\"https:\/\/aspaplastik.com\/wp-content\/uploads\/2022\/10\/siyah-atlet-poset-1024x682.jpg\" class=\"attachment-large size-large\" alt=\"\" srcset=\"https:\/\/aspaplastik.com\/wp-content\/uploads\/2022\/10\/siyah-atlet-poset-1024x682.jpg 1024w, https:\/\/aspaplastik.com\/wp-content\/uploads\/2022\/10\/siyah-atlet-poset-300x200.jpg 300w, https:\/\/aspaplastik.com\/wp-content\/uploads\/2022\/10\/siyah-atlet-poset-768x512.jpg 768w, https:\/\/aspaplastik.com\/wp-content\/uploads\/2022\/10\/siyah-atlet-poset-219x146.jpg 219w, https:\/\/aspaplastik.com\/wp-content\/uploads\/2022\/10\/siyah-atlet-poset-50x33.jpg 50w, https:\/\/aspaplastik.com\/wp-content\/uploads\/2022\/10\/siyah-atlet-poset-113x75.jpg 113w, https:\/\/aspaplastik.com\/wp-content\/uploads\/2022\/10\/siyah-atlet-poset.jpg 1280w\" sizes=\"auto, (max-width: 1024px) 100vw, 1024px\" \/><\/a>\n\t\t\t\t<\/dt><\/dl><br style=\"clear: both\" \/><dl class='gallery-item'>\n\t\t\t\t<dt class='gallery-icon landscape'>\n\t\t\t\t\t<a data-elementor-open-lightbox=\"yes\" data-elementor-lightbox-slideshow=\"2fe3b8c\" data-elementor-lightbox-title=\"\u015feffaf plastik po\u015fet\" href='https:\/\/aspaplastik.com\/wp-content\/uploads\/2022\/10\/seffaf-plastik-poset.jpg'><img loading=\"lazy\" decoding=\"async\" width=\"1024\" height=\"682\" src=\"https:\/\/aspaplastik.com\/wp-content\/uploads\/2022\/10\/seffaf-plastik-poset-1024x682.jpg\" class=\"attachment-large size-large\" alt=\"\" srcset=\"https:\/\/aspaplastik.com\/wp-content\/uploads\/2022\/10\/seffaf-plastik-poset-1024x682.jpg 1024w, https:\/\/aspaplastik.com\/wp-content\/uploads\/2022\/10\/seffaf-plastik-poset-300x200.jpg 300w, https:\/\/aspaplastik.com\/wp-content\/uploads\/2022\/10\/seffaf-plastik-poset-768x512.jpg 768w, https:\/\/aspaplastik.com\/wp-content\/uploads\/2022\/10\/seffaf-plastik-poset-219x146.jpg 219w, https:\/\/aspaplastik.com\/wp-content\/uploads\/2022\/10\/seffaf-plastik-poset-50x33.jpg 50w, https:\/\/aspaplastik.com\/wp-content\/uploads\/2022\/10\/seffaf-plastik-poset-113x75.jpg 113w, https:\/\/aspaplastik.com\/wp-content\/uploads\/2022\/10\/seffaf-plastik-poset.jpg 1280w\" sizes=\"auto, (max-width: 1024px) 100vw, 1024px\" \/><\/a>\n\t\t\t\t<\/dt><\/dl><dl class='gallery-item'>\n\t\t\t\t<dt class='gallery-icon landscape'>\n\t\t\t\t\t<a data-elementor-open-lightbox=\"yes\" data-elementor-lightbox-slideshow=\"2fe3b8c\" data-elementor-lightbox-title=\"atlet po\u015fet paket\" href='https:\/\/aspaplastik.com\/wp-content\/uploads\/2022\/10\/atlet-poset-paket.jpg'><img loading=\"lazy\" decoding=\"async\" width=\"1024\" height=\"682\" src=\"https:\/\/aspaplastik.com\/wp-content\/uploads\/2022\/10\/atlet-poset-paket-1024x682.jpg\" class=\"attachment-large size-large\" alt=\"\" srcset=\"https:\/\/aspaplastik.com\/wp-content\/uploads\/2022\/10\/atlet-poset-paket-1024x682.jpg 1024w, https:\/\/aspaplastik.com\/wp-content\/uploads\/2022\/10\/atlet-poset-paket-300x200.jpg 300w, https:\/\/aspaplastik.com\/wp-content\/uploads\/2022\/10\/atlet-poset-paket-768x512.jpg 768w, https:\/\/aspaplastik.com\/wp-content\/uploads\/2022\/10\/atlet-poset-paket-219x146.jpg 219w, https:\/\/aspaplastik.com\/wp-content\/uploads\/2022\/10\/atlet-poset-paket-50x33.jpg 50w, https:\/\/aspaplastik.com\/wp-content\/uploads\/2022\/10\/atlet-poset-paket-113x75.jpg 113w, https:\/\/aspaplastik.com\/wp-content\/uploads\/2022\/10\/atlet-poset-paket.jpg 1280w\" sizes=\"auto, (max-width: 1024px) 100vw, 1024px\" \/><\/a>\n\t\t\t\t<\/dt><\/dl><br style=\"clear: both\" \/>\n\t\t\t<\/div>\n\t\t<\/div>\n\t\t\t\t<\/div>\n\t\t\t\t<\/div>\n\t\t\t\t\t<\/div>\n\t\t<\/div>\n\t\t\t\t\t\t\t<\/div>\n\t\t<\/section>\n\t\t\t\t<section class=\"elementor-section elementor-top-section elementor-element elementor-element-7594669 elementor-section-full_width elementor-section-stretched elementor-section-height-default elementor-section-height-default\" data-id=\"7594669\" data-element_type=\"section\" data-settings=\"{&quot;stretch_section&quot;:&quot;section-stretched&quot;}\">\n\t\t\t\t\t\t<div class=\"elementor-container elementor-column-gap-default\">\n\t\t\t\t\t<div class=\"elementor-column elementor-col-100 elementor-top-column elementor-element elementor-element-cce052d\" data-id=\"cce052d\" data-element_type=\"column\">\n\t\t\t<div class=\"elementor-widget-wrap elementor-element-populated\">\n\t\t\t\t\t\t\t\t<div class=\"elementor-element elementor-element-2df3fbe elementor-widget elementor-widget-text-editor\" data-id=\"2df3fbe\" data-element_type=\"widget\" data-widget_type=\"text-editor.default\">\n\t\t\t\t<div class=\"elementor-widget-container\">\n\t\t\t\t\t\t\t<table>\n<thead>\n<tr>\n<th colspan=\"6\"><span style=\"color: #000000;\">ECONOMIC SERIES<\/span><\/th>\n<\/tr>\n<\/thead>\n<tbody>\n<tr>\n<td><span style=\"color: #000000;\">BRAND<\/span><\/td>\n<td><span style=\"color: #000000;\">RAW MATERIAL<\/span><\/td>\n<td><span style=\"color: #000000;\">SIZE<\/span><\/td>\n<td><span style=\"color: #000000;\">WIDTH\/HEIGHT<\/span><\/td>\n<td><span style=\"color: #000000;\">QTY \/ PACK<\/span><\/td>\n<td><span style=\"color: #000000;\">COLOR<\/span><\/td>\n<\/tr>\n<tr>\n<td rowspan=\"4\"><span style=\"color: #000000;\">ASPA-1<\/span><\/td>\n<td rowspan=\"4\"><span style=\"color: #000000;\">YYPE (HDPE) + KALS\u0130T<\/span><\/td>\n<\/tr>\n<tr>\n<td><span style=\"color: #000000;\">BIG<\/span><\/td>\n<td><span style=\"color: #000000;\">30 X 55<\/span><\/td>\n<td><span style=\"color: #000000;\">90<\/span><\/td>\n<td><span style=\"color: #000000;\">TRANSPARENT<\/span><\/td>\n<\/tr>\n<tr>\n<td><span style=\"color: #000000;\">MEDIUM<\/span><\/td>\n<td><span style=\"color: #000000;\">27 X 50<\/span><\/td>\n<td><span style=\"color: #000000;\">130<\/span><\/td>\n<td><span style=\"color: #000000;\">TRANSPARENT<\/span><\/td>\n<\/tr>\n<tr>\n<td><span style=\"color: #000000;\">SMALL<\/span><\/td>\n<td><span style=\"color: #000000;\">24 X 45<\/span><\/td>\n<td><span style=\"color: #000000;\">170<\/span><\/td>\n<td><span style=\"color: #000000;\">TRANSPARENT<\/span><\/td>\n<\/tr>\n<tr>\n<td rowspan=\"4\"><span style=\"color: #000000;\">ASPA-2<\/span><\/td>\n<td rowspan=\"4\"><span style=\"color: #000000;\">YYPE (HDPE) + KALS\u0130T<\/span><\/td>\n<\/tr>\n<tr>\n<td><span style=\"color: #000000;\">BIG<\/span><\/td>\n<td><span style=\"color: #000000;\">30 X 55<\/span><\/td>\n<td><span style=\"color: #000000;\">90<\/span><\/td>\n<td><span style=\"color: #000000;\">TRANSPARENT<\/span><\/td>\n<\/tr>\n<tr>\n<td><span style=\"color: #000000;\">MEDIUM<\/span><\/td>\n<td><span style=\"color: #000000;\">327 X 50<\/span><\/td>\n<td><span style=\"color: #000000;\">130<\/span><\/td>\n<td><span style=\"color: #000000;\">TRANSPARENT<\/span><\/td>\n<\/tr>\n<tr>\n<td><span style=\"color: #000000;\">SMALL<\/span><\/td>\n<td><span style=\"color: #000000;\">24 X 45<\/span><\/td>\n<td><span style=\"color: #000000;\">170<\/span><\/td>\n<td><span style=\"color: #000000;\">TRANSPARENT<\/span><\/td>\n<\/tr>\n<\/tbody>\n<\/table>\t\t\t\t\t\t<\/div>\n\t\t\t\t<\/div>\n\t\t\t\t\t<\/div>\n\t\t<\/div>\n\t\t\t\t\t\t\t<\/div>\n\t\t<\/section>\n\t\t\t\t<section class=\"elementor-section elementor-top-section elementor-element elementor-element-e98342d elementor-section-full_width elementor-section-stretched elementor-section-height-default elementor-section-height-default\" data-id=\"e98342d\" data-element_type=\"section\" data-settings=\"{&quot;stretch_section&quot;:&quot;section-stretched&quot;}\">\n\t\t\t\t\t\t<div class=\"elementor-container elementor-column-gap-default\">\n\t\t\t\t\t<div class=\"elementor-column elementor-col-100 elementor-top-column elementor-element elementor-element-e16f814\" data-id=\"e16f814\" data-element_type=\"column\">\n\t\t\t<div class=\"elementor-widget-wrap elementor-element-populated\">\n\t\t\t\t\t\t\t\t<div class=\"elementor-element elementor-element-475eba9 elementor-widget elementor-widget-text-editor\" data-id=\"475eba9\" data-element_type=\"widget\" data-widget_type=\"text-editor.default\">\n\t\t\t\t<div class=\"elementor-widget-container\">\n\t\t\t\t\t\t\t<table class=\"table table-bordered\">\n<thead>\n<tr>\n<th class=\"text-center\" colspan=\"6\"><span style=\"color: #000000;\">ORIGINAL SERIES<\/span><\/th>\n<\/tr>\n<\/thead>\n<tbody>\n<tr>\n<td><span style=\"color: #000000;\">BRAND<\/span><\/td>\n<td><span style=\"color: #000000;\">RAW MATERIAL<\/span><\/td>\n<td><span style=\"color: #000000;\">SIZE<\/span><\/td>\n<td><span style=\"color: #000000;\">WIDTH\/HEIGHT<\/span><\/td>\n<td><span style=\"color: #000000;\">QTY \/ PACK<\/span><\/td>\n<td><span style=\"color: #000000;\">COLOR<\/span><\/td>\n<\/tr>\n<tr>\n<td rowspan=\"4\"><span style=\"color: #000000;\">ASPA (PER KILO)<\/span><\/td>\n<td rowspan=\"4\"><span style=\"color: #000000;\">YYPE (HDPE)<\/span><\/td>\n<\/tr>\n<tr>\n<td><span style=\"color: #000000;\">BIG<\/span><\/td>\n<td><span style=\"color: #000000;\">30 X 55<\/span><\/td>\n<td><span style=\"color: #000000;\">120<\/span><\/td>\n<td><span style=\"color: #000000;\">TRANSPARENT<\/span><\/td>\n<\/tr>\n<tr>\n<td><span style=\"color: #000000;\">MEDIUM<\/span><\/td>\n<td><span style=\"color: #000000;\">27 X 50<\/span><\/td>\n<td><span style=\"color: #000000;\">170<\/span><\/td>\n<td><span style=\"color: #000000;\">TRANSPARENT<\/span><\/td>\n<\/tr>\n<tr>\n<td><span style=\"color: #000000;\">SMALL<\/span><\/td>\n<td><span style=\"color: #000000;\">24 X 45<\/span><\/td>\n<td><span style=\"color: #000000;\">220<\/span><\/td>\n<td><span style=\"color: #000000;\">TRANSPARENT<\/span><\/td>\n<\/tr>\n<tr>\n<td rowspan=\"4\"><span style=\"color: #000000;\">ASPA (PER PIECES)<\/span><\/td>\n<td rowspan=\"4\"><span style=\"color: #000000;\">YYPE (HDPE)<\/span><\/td>\n<\/tr>\n<tr>\n<td><span style=\"color: #000000;\">BIG<\/span><\/td>\n<td><span style=\"color: #000000;\">30 X 55<\/span><\/td>\n<td><\/td>\n<td><span style=\"color: #000000;\">TRANSPARENT<\/span><\/td>\n<\/tr>\n<tr>\n<td><span style=\"color: #000000;\">MEDIUM<\/span><\/td>\n<td><span style=\"color: #000000;\">27 X 50<\/span><\/td>\n<td><\/td>\n<td><span style=\"color: #000000;\">TRANSPARENT<\/span><\/td>\n<\/tr>\n<tr>\n<td><span style=\"color: #000000;\">SMALL<\/span><\/td>\n<td><span style=\"color: #000000;\">24 X 45<\/span><\/td>\n<td><\/td>\n<td><span style=\"color: #000000;\">TRANSPARENT<\/span><\/td>\n<\/tr>\n<tr>\n<td rowspan=\"8\"><span style=\"color: #000000;\">ASPA (PER PIECES)<\/span><\/td>\n<td rowspan=\"8\"><span style=\"color: #000000;\">YYPE (HDPE)<\/span><\/td>\n<\/tr>\n<tr>\n<td><span style=\"color: #000000;\">BIG<\/span><\/td>\n<td><span style=\"color: #000000;\">30 X 55<\/span><\/td>\n<td><span style=\"color: #000000;\">250<\/span><\/td>\n<td><span style=\"color: #000000;\">TRANSPARENT<\/span><\/td>\n<\/tr>\n<tr>\n<td><span style=\"color: #000000;\">MEDIUM<\/span><\/td>\n<td><span style=\"color: #000000;\">27 X 50<\/span><\/td>\n<td><span style=\"color: #000000;\">250<\/span><\/td>\n<td><span style=\"color: #000000;\">TRANSPARENT<\/span><\/td>\n<\/tr>\n<tr>\n<td><span style=\"color: #000000;\">SMALL<\/span><\/td>\n<td><span style=\"color: #000000;\">24 X 45<\/span><\/td>\n<td><span style=\"color: #000000;\">250<\/span><\/td>\n<td><span style=\"color: #000000;\">TRANSPARENT<\/span><\/td>\n<\/tr>\n<tr>\n<td><span style=\"color: #000000;\">BIG<\/span><\/td>\n<td><span style=\"color: #000000;\">30 X 55<\/span><\/td>\n<td><span style=\"color: #000000;\">150<\/span><\/td>\n<td><span style=\"color: #000000;\">TRANSPARENT<\/span><\/td>\n<\/tr>\n<tr>\n<td><span style=\"color: #000000;\">MEDIUM<\/span><\/td>\n<td><span style=\"color: #000000;\">27 X 50<\/span><\/td>\n<td><span style=\"color: #000000;\">200<\/span><\/td>\n<td><span style=\"color: #000000;\">TRANSPARENT<\/span><\/td>\n<\/tr>\n<tr>\n<td><span style=\"color: #000000;\">SMALL<\/span><\/td>\n<td><span style=\"color: #000000;\">24 X 45<\/span><\/td>\n<td><span style=\"color: #000000;\">300<\/span><\/td>\n<td><span style=\"color: #000000;\">TRANSPARENT<\/span><\/td>\n<\/tr>\n<tr>\n<td><span style=\"color: #000000;\">SUPER MINI<\/span><\/td>\n<td><span style=\"color: #000000;\">24 X 45<\/span><\/td>\n<td><span style=\"color: #000000;\">500<\/span><\/td>\n<td><span style=\"color: #000000;\">TRANSPARENT<\/span><\/td>\n<\/tr>\n<\/tbody>\n<\/table>\t\t\t\t\t\t<\/div>\n\t\t\t\t<\/div>\n\t\t\t\t\t<\/div>\n\t\t<\/div>\n\t\t\t\t\t\t\t<\/div>\n\t\t<\/section>\n\t\t\t\t\t\t<\/div>\n\t\t\t\t\t<\/div>\n\t\t","protected":false},"excerpt":{"rendered":"<p>ECONOMIC SERIES BRAND RAW MATERIAL SIZE WIDTH\/HEIGHT QTY \/ PACK COLOR ASPA-1 YYPE (HDPE) + KALS\u0130T BIG 30 X 55 90 TRANSPARENT MEDIUM 27 X 50<span class=\"excerpt-hellip\"> [\u2026]<\/span><\/p>\n","protected":false},"author":1,"featured_media":0,"parent":0,"menu_order":0,"comment_status":"closed","ping_status":"closed","template":"","meta":{"footnotes":""},"class_list":["post-2130","page","type-page","status-publish","hentry"],"_links":{"self":[{"href":"https:\/\/aspaplastik.com\/en\/wp-json\/wp\/v2\/pages\/2130","targetHints":{"allow":["GET"]}}],"collection":[{"href":"https:\/\/aspaplastik.com\/en\/wp-json\/wp\/v2\/pages"}],"about":[{"href":"https:\/\/aspaplastik.com\/en\/wp-json\/wp\/v2\/types\/page"}],"author":[{"embeddable":true,"href":"https:\/\/aspaplastik.com\/en\/wp-json\/wp\/v2\/users\/1"}],"replies":[{"embeddable":true,"href":"https:\/\/aspaplastik.com\/en\/wp-json\/wp\/v2\/comments?post=2130"}],"version-history":[{"count":10,"href":"https:\/\/aspaplastik.com\/en\/wp-json\/wp\/v2\/pages\/2130\/revisions"}],"predecessor-version":[{"id":2142,"href":"https:\/\/aspaplastik.com\/en\/wp-json\/wp\/v2\/pages\/2130\/revisions\/2142"}],"wp:attachment":[{"href":"https:\/\/aspaplastik.com\/en\/wp-json\/wp\/v2\/media?parent=2130"}],"curies":[{"name":"wp","href":"https:\/\/api.w.org\/{rel}","templated":true}]}}