{"id":2156,"date":"2022-10-19T18:35:48","date_gmt":"2022-10-19T15:35:48","guid":{"rendered":"https:\/\/aspaplastik.com\/?page_id=2156"},"modified":"2022-12-19T03:21:35","modified_gmt":"2022-12-19T00:21:35","slug":"trash-bags","status":"publish","type":"page","link":"https:\/\/aspaplastik.com\/en\/trash-bags\/","title":{"rendered":"Trash Bags"},"content":{"rendered":"\t\t<div data-elementor-type=\"wp-page\" data-elementor-id=\"2156\" class=\"elementor elementor-2156 elementor-1362\" data-elementor-settings=\"[]\">\n\t\t\t\t\t\t\t<div class=\"elementor-section-wrap\">\n\t\t\t\t\t\t\t<section class=\"elementor-section elementor-top-section elementor-element elementor-element-cf869f8 elementor-section-boxed elementor-section-height-default elementor-section-height-default\" data-id=\"cf869f8\" data-element_type=\"section\">\n\t\t\t\t\t\t<div class=\"elementor-container elementor-column-gap-default\">\n\t\t\t\t\t<div class=\"elementor-column elementor-col-100 elementor-top-column elementor-element elementor-element-25dc920\" data-id=\"25dc920\" data-element_type=\"column\">\n\t\t\t<div class=\"elementor-widget-wrap elementor-element-populated\">\n\t\t\t\t\t\t\t\t<div class=\"elementor-element elementor-element-2fe3b8c elementor-widget elementor-widget-image-gallery\" data-id=\"2fe3b8c\" data-element_type=\"widget\" data-settings=\"{&quot;_animation&quot;:&quot;none&quot;}\" data-widget_type=\"image-gallery.default\">\n\t\t\t\t<div class=\"elementor-widget-container\">\n\t\t\t\t\t<div class=\"elementor-image-gallery\">\n\t\t\t\n\t\t\t<style type='text\/css'>\n\t\t\t\t#sc_gallery-1 {\n\t\t\t\t\tmargin: auto;\n\t\t\t\t}\n\t\t\t\t#sc_gallery-1 .gallery-item {\n\t\t\t\t\tfloat: left;\n\t\t\t\t\tmargin-top: 10px;\n\t\t\t\t\ttext-align: center;\n\t\t\t\t\twidth: 49.99%;\n\t\t\t\t}\n\t\t\t\t#sc_gallery-1 img {\n\t\t\t\t\tborder: 2px solid #cfcfcf;\n\t\t\t\t}\n\t\t\t\t#sc_gallery-1 .gallery-caption {\n\t\t\t\t\tmargin-left: 0;\n\t\t\t\t}\n\t\t\t\t\/* see sc_gallery() in functions\/theme-shortcodes.php *\/\n\t\t\t<\/style>\n\t\t<div id='sc_gallery-1' class='gallery galleryid-2156 gallery-columns-2 gallery-size-large file'><dl class='gallery-item'>\n\t\t\t\t<dt class='gallery-icon landscape'>\n\t\t\t\t\t<a data-elementor-open-lightbox=\"yes\" data-elementor-lightbox-slideshow=\"2fe3b8c\" data-elementor-lightbox-title=\"Aspa Plastik \u00c7\u00f6p Torbas\u0131\" href='https:\/\/aspaplastik.com\/wp-content\/uploads\/2022\/11\/Aspa-Plastik-Cop-Torbasi-1.jpg'><img loading=\"lazy\" decoding=\"async\" width=\"1024\" height=\"682\" src=\"https:\/\/aspaplastik.com\/wp-content\/uploads\/2022\/11\/Aspa-Plastik-Cop-Torbasi-1-1024x682.jpg\" class=\"attachment-large size-large\" alt=\"\" srcset=\"https:\/\/aspaplastik.com\/wp-content\/uploads\/2022\/11\/Aspa-Plastik-Cop-Torbasi-1-1024x682.jpg 1024w, https:\/\/aspaplastik.com\/wp-content\/uploads\/2022\/11\/Aspa-Plastik-Cop-Torbasi-1-300x200.jpg 300w, https:\/\/aspaplastik.com\/wp-content\/uploads\/2022\/11\/Aspa-Plastik-Cop-Torbasi-1-768x512.jpg 768w, https:\/\/aspaplastik.com\/wp-content\/uploads\/2022\/11\/Aspa-Plastik-Cop-Torbasi-1-219x146.jpg 219w, https:\/\/aspaplastik.com\/wp-content\/uploads\/2022\/11\/Aspa-Plastik-Cop-Torbasi-1-50x33.jpg 50w, https:\/\/aspaplastik.com\/wp-content\/uploads\/2022\/11\/Aspa-Plastik-Cop-Torbasi-1-113x75.jpg 113w, https:\/\/aspaplastik.com\/wp-content\/uploads\/2022\/11\/Aspa-Plastik-Cop-Torbasi-1.jpg 1280w\" sizes=\"auto, (max-width: 1024px) 100vw, 1024px\" \/><\/a>\n\t\t\t\t<\/dt><\/dl><dl class='gallery-item'>\n\t\t\t\t<dt class='gallery-icon landscape'>\n\t\t\t\t\t<a data-elementor-open-lightbox=\"yes\" data-elementor-lightbox-slideshow=\"2fe3b8c\" data-elementor-lightbox-title=\"Aspa Plastik \u00c7\u00f6p Torbas\u0131\" href='https:\/\/aspaplastik.com\/wp-content\/uploads\/2022\/11\/Aspa-Plastik-Cop-Torbasi-2.jpg'><img loading=\"lazy\" decoding=\"async\" width=\"1024\" height=\"682\" src=\"https:\/\/aspaplastik.com\/wp-content\/uploads\/2022\/11\/Aspa-Plastik-Cop-Torbasi-2-1024x682.jpg\" class=\"attachment-large size-large\" alt=\"\" srcset=\"https:\/\/aspaplastik.com\/wp-content\/uploads\/2022\/11\/Aspa-Plastik-Cop-Torbasi-2-1024x682.jpg 1024w, https:\/\/aspaplastik.com\/wp-content\/uploads\/2022\/11\/Aspa-Plastik-Cop-Torbasi-2-300x200.jpg 300w, https:\/\/aspaplastik.com\/wp-content\/uploads\/2022\/11\/Aspa-Plastik-Cop-Torbasi-2-768x512.jpg 768w, https:\/\/aspaplastik.com\/wp-content\/uploads\/2022\/11\/Aspa-Plastik-Cop-Torbasi-2-219x146.jpg 219w, https:\/\/aspaplastik.com\/wp-content\/uploads\/2022\/11\/Aspa-Plastik-Cop-Torbasi-2-50x33.jpg 50w, https:\/\/aspaplastik.com\/wp-content\/uploads\/2022\/11\/Aspa-Plastik-Cop-Torbasi-2-113x75.jpg 113w, https:\/\/aspaplastik.com\/wp-content\/uploads\/2022\/11\/Aspa-Plastik-Cop-Torbasi-2.jpg 1280w\" sizes=\"auto, (max-width: 1024px) 100vw, 1024px\" \/><\/a>\n\t\t\t\t<\/dt><\/dl><br style=\"clear: both\" \/><dl class='gallery-item'>\n\t\t\t\t<dt class='gallery-icon landscape'>\n\t\t\t\t\t<a data-elementor-open-lightbox=\"yes\" data-elementor-lightbox-slideshow=\"2fe3b8c\" data-elementor-lightbox-title=\"Aspa Plastik \u00c7\u00f6p Torbas\u0131\" href='https:\/\/aspaplastik.com\/wp-content\/uploads\/2022\/11\/Aspa-Plastik-Cop-Torbasi-3.jpg'><img loading=\"lazy\" decoding=\"async\" width=\"1024\" height=\"682\" src=\"https:\/\/aspaplastik.com\/wp-content\/uploads\/2022\/11\/Aspa-Plastik-Cop-Torbasi-3-1024x682.jpg\" class=\"attachment-large size-large\" alt=\"\" srcset=\"https:\/\/aspaplastik.com\/wp-content\/uploads\/2022\/11\/Aspa-Plastik-Cop-Torbasi-3-1024x682.jpg 1024w, https:\/\/aspaplastik.com\/wp-content\/uploads\/2022\/11\/Aspa-Plastik-Cop-Torbasi-3-300x200.jpg 300w, https:\/\/aspaplastik.com\/wp-content\/uploads\/2022\/11\/Aspa-Plastik-Cop-Torbasi-3-768x512.jpg 768w, https:\/\/aspaplastik.com\/wp-content\/uploads\/2022\/11\/Aspa-Plastik-Cop-Torbasi-3-219x146.jpg 219w, https:\/\/aspaplastik.com\/wp-content\/uploads\/2022\/11\/Aspa-Plastik-Cop-Torbasi-3-50x33.jpg 50w, https:\/\/aspaplastik.com\/wp-content\/uploads\/2022\/11\/Aspa-Plastik-Cop-Torbasi-3-113x75.jpg 113w, https:\/\/aspaplastik.com\/wp-content\/uploads\/2022\/11\/Aspa-Plastik-Cop-Torbasi-3.jpg 1280w\" sizes=\"auto, (max-width: 1024px) 100vw, 1024px\" \/><\/a>\n\t\t\t\t<\/dt><\/dl><dl class='gallery-item'>\n\t\t\t\t<dt class='gallery-icon landscape'>\n\t\t\t\t\t<a data-elementor-open-lightbox=\"yes\" data-elementor-lightbox-slideshow=\"2fe3b8c\" data-elementor-lightbox-title=\"Aspa Plastik \u00c7\u00f6p Torbas\u0131\" href='https:\/\/aspaplastik.com\/wp-content\/uploads\/2022\/11\/Aspa-Plastik-Cop-Torbasi-3A.jpg'><img loading=\"lazy\" decoding=\"async\" width=\"1024\" height=\"682\" src=\"https:\/\/aspaplastik.com\/wp-content\/uploads\/2022\/11\/Aspa-Plastik-Cop-Torbasi-3A-1024x682.jpg\" class=\"attachment-large size-large\" alt=\"\" srcset=\"https:\/\/aspaplastik.com\/wp-content\/uploads\/2022\/11\/Aspa-Plastik-Cop-Torbasi-3A-1024x682.jpg 1024w, https:\/\/aspaplastik.com\/wp-content\/uploads\/2022\/11\/Aspa-Plastik-Cop-Torbasi-3A-300x200.jpg 300w, https:\/\/aspaplastik.com\/wp-content\/uploads\/2022\/11\/Aspa-Plastik-Cop-Torbasi-3A-768x512.jpg 768w, https:\/\/aspaplastik.com\/wp-content\/uploads\/2022\/11\/Aspa-Plastik-Cop-Torbasi-3A-219x146.jpg 219w, https:\/\/aspaplastik.com\/wp-content\/uploads\/2022\/11\/Aspa-Plastik-Cop-Torbasi-3A-50x33.jpg 50w, https:\/\/aspaplastik.com\/wp-content\/uploads\/2022\/11\/Aspa-Plastik-Cop-Torbasi-3A-113x75.jpg 113w, https:\/\/aspaplastik.com\/wp-content\/uploads\/2022\/11\/Aspa-Plastik-Cop-Torbasi-3A.jpg 1280w\" sizes=\"auto, (max-width: 1024px) 100vw, 1024px\" \/><\/a>\n\t\t\t\t<\/dt><\/dl><br style=\"clear: both\" \/><dl class='gallery-item'>\n\t\t\t\t<dt class='gallery-icon landscape'>\n\t\t\t\t\t<a data-elementor-open-lightbox=\"yes\" data-elementor-lightbox-slideshow=\"2fe3b8c\" data-elementor-lightbox-title=\"Aspa Plastik \u00c7\u00f6p Torbas\u0131\" href='https:\/\/aspaplastik.com\/wp-content\/uploads\/2022\/11\/Aspa-Plastik-Cop-Torbasi-3B.jpg'><img loading=\"lazy\" decoding=\"async\" width=\"1024\" height=\"682\" src=\"https:\/\/aspaplastik.com\/wp-content\/uploads\/2022\/11\/Aspa-Plastik-Cop-Torbasi-3B-1024x682.jpg\" class=\"attachment-large size-large\" alt=\"\" srcset=\"https:\/\/aspaplastik.com\/wp-content\/uploads\/2022\/11\/Aspa-Plastik-Cop-Torbasi-3B-1024x682.jpg 1024w, https:\/\/aspaplastik.com\/wp-content\/uploads\/2022\/11\/Aspa-Plastik-Cop-Torbasi-3B-300x200.jpg 300w, https:\/\/aspaplastik.com\/wp-content\/uploads\/2022\/11\/Aspa-Plastik-Cop-Torbasi-3B-768x512.jpg 768w, https:\/\/aspaplastik.com\/wp-content\/uploads\/2022\/11\/Aspa-Plastik-Cop-Torbasi-3B-219x146.jpg 219w, https:\/\/aspaplastik.com\/wp-content\/uploads\/2022\/11\/Aspa-Plastik-Cop-Torbasi-3B-50x33.jpg 50w, https:\/\/aspaplastik.com\/wp-content\/uploads\/2022\/11\/Aspa-Plastik-Cop-Torbasi-3B-113x75.jpg 113w, https:\/\/aspaplastik.com\/wp-content\/uploads\/2022\/11\/Aspa-Plastik-Cop-Torbasi-3B.jpg 1280w\" sizes=\"auto, (max-width: 1024px) 100vw, 1024px\" \/><\/a>\n\t\t\t\t<\/dt><\/dl><dl class='gallery-item'>\n\t\t\t\t<dt class='gallery-icon landscape'>\n\t\t\t\t\t<a data-elementor-open-lightbox=\"yes\" data-elementor-lightbox-slideshow=\"2fe3b8c\" data-elementor-lightbox-title=\"Aspa Plastik \u00c7\u00f6p Torbas\u0131\" href='https:\/\/aspaplastik.com\/wp-content\/uploads\/2022\/11\/Aspa-Plastik-Cop-Torbasi-4.jpg'><img loading=\"lazy\" decoding=\"async\" width=\"1024\" height=\"682\" src=\"https:\/\/aspaplastik.com\/wp-content\/uploads\/2022\/11\/Aspa-Plastik-Cop-Torbasi-4-1024x682.jpg\" class=\"attachment-large size-large\" alt=\"\" srcset=\"https:\/\/aspaplastik.com\/wp-content\/uploads\/2022\/11\/Aspa-Plastik-Cop-Torbasi-4-1024x682.jpg 1024w, https:\/\/aspaplastik.com\/wp-content\/uploads\/2022\/11\/Aspa-Plastik-Cop-Torbasi-4-300x200.jpg 300w, https:\/\/aspaplastik.com\/wp-content\/uploads\/2022\/11\/Aspa-Plastik-Cop-Torbasi-4-768x512.jpg 768w, https:\/\/aspaplastik.com\/wp-content\/uploads\/2022\/11\/Aspa-Plastik-Cop-Torbasi-4-219x146.jpg 219w, https:\/\/aspaplastik.com\/wp-content\/uploads\/2022\/11\/Aspa-Plastik-Cop-Torbasi-4-50x33.jpg 50w, https:\/\/aspaplastik.com\/wp-content\/uploads\/2022\/11\/Aspa-Plastik-Cop-Torbasi-4-113x75.jpg 113w, https:\/\/aspaplastik.com\/wp-content\/uploads\/2022\/11\/Aspa-Plastik-Cop-Torbasi-4.jpg 1280w\" sizes=\"auto, (max-width: 1024px) 100vw, 1024px\" \/><\/a>\n\t\t\t\t<\/dt><\/dl><br style=\"clear: both\" \/>\n\t\t\t<\/div>\n\t\t<\/div>\n\t\t\t\t<\/div>\n\t\t\t\t<\/div>\n\t\t\t\t\t<\/div>\n\t\t<\/div>\n\t\t\t\t\t\t\t<\/div>\n\t\t<\/section>\n\t\t\t\t<section class=\"elementor-section elementor-top-section elementor-element elementor-element-7594669 elementor-section-full_width elementor-section-stretched elementor-section-height-default elementor-section-height-default\" data-id=\"7594669\" data-element_type=\"section\" data-settings=\"{&quot;stretch_section&quot;:&quot;section-stretched&quot;}\">\n\t\t\t\t\t\t<div class=\"elementor-container elementor-column-gap-default\">\n\t\t\t\t\t<div class=\"elementor-column elementor-col-100 elementor-top-column elementor-element elementor-element-cce052d\" data-id=\"cce052d\" data-element_type=\"column\">\n\t\t\t<div class=\"elementor-widget-wrap elementor-element-populated\">\n\t\t\t\t\t\t\t\t<div class=\"elementor-element elementor-element-2df3fbe elementor-widget elementor-widget-text-editor\" data-id=\"2df3fbe\" data-element_type=\"widget\" data-widget_type=\"text-editor.default\">\n\t\t\t\t<div class=\"elementor-widget-container\">\n\t\t\t\t\t\t\t<table class=\"table table-bordered table-responsive\">\n<thead>\n<tr>\n<th class=\"text-center\" colspan=\"7\"><span style=\"color: #000000;\">ROLL GROUP<\/span><\/th>\n<\/tr>\n<\/thead>\n<tbody>\n<tr>\n<td><span style=\"color: #000000;\">BRAND<\/span><\/td>\n<td><span style=\"color: #000000;\">RAW MATERIAL<\/span><\/td>\n<td><span style=\"color: #000000;\">ROLL WEIGHT<\/span><\/td>\n<td><span style=\"color: #000000;\">SIZE<\/span><\/td>\n<td><span style=\"color: #000000;\">NUMBER OF BAGS ON ROLL<\/span><\/td>\n<td><span style=\"color: #000000;\">NUMBER OF ROLLS IN PARCEL<\/span><\/td>\n<td><span style=\"color: #000000;\">COLOR<\/span><\/td>\n<\/tr>\n<tr>\n<td rowspan=\"8\"><span style=\"color: #000000;\">ASPA<\/span><\/td>\n<td rowspan=\"8\"><span style=\"color: #000000;\">AYPE (LDPE) RECYCLING <\/span><\/td>\n<\/tr>\n<tr>\n<td><span style=\"color: #000000;\">350 GR<\/span><\/td>\n<td><span style=\"color: #000000;\">80 X 110<\/span><\/td>\n<td><span style=\"color: #000000;\">10<\/span><\/td>\n<td><span style=\"color: #000000;\">20<\/span><\/td>\n<td rowspan=\"8\"><span style=\"color: #000000;\">BLACK,<\/span>\n<span style=\"color: #000000;\">RED,<\/span>\n<span style=\"color: #000000;\">BLUE ETC.<\/span><\/td>\n<\/tr>\n<tr>\n<td><span style=\"color: #000000;\">400 GR<\/span><\/td>\n<td><span style=\"color: #000000;\">80 X 110<\/span><\/td>\n<td><span style=\"color: #000000;\">10<\/span><\/td>\n<td><span style=\"color: #000000;\">20<\/span><\/td>\n<\/tr>\n<tr>\n<td><span style=\"color: #000000;\">500 GR<\/span><\/td>\n<td><span style=\"color: #000000;\">80 X 110<\/span><\/td>\n<td><span style=\"color: #000000;\">10<\/span><\/td>\n<td><span style=\"color: #000000;\">20<\/span><\/td>\n<\/tr>\n<tr>\n<td><span style=\"color: #000000;\">650 GR<\/span><\/td>\n<td><span style=\"color: #000000;\">80 X 110<\/span><\/td>\n<td><span style=\"color: #000000;\">10<\/span><\/td>\n<td><span style=\"color: #000000;\">20<\/span><\/td>\n<\/tr>\n<tr>\n<td><span style=\"color: #000000;\">800 GR<\/span><\/td>\n<td><span style=\"color: #000000;\">80 X 110<\/span><\/td>\n<td><span style=\"color: #000000;\">10<\/span><\/td>\n<td><span style=\"color: #000000;\">20<\/span><\/td>\n<\/tr>\n<tr>\n<td><span style=\"color: #000000;\">750 GR<\/span><\/td>\n<td><span style=\"color: #000000;\">100 X 150<\/span><\/td>\n<td><span style=\"color: #000000;\">10<\/span><\/td>\n<td><span style=\"color: #000000;\">10<\/span><\/td>\n<\/tr>\n<tr>\n<td><span style=\"color: #000000;\">850 GR<\/span><\/td>\n<td><span style=\"color: #000000;\">120 X 150<\/span><\/td>\n<td><span style=\"color: #000000;\">10<\/span><\/td>\n<td><span style=\"color: #000000;\">10<\/span><\/td>\n<\/tr>\n<\/tbody>\n<\/table>\t\t\t\t\t\t<\/div>\n\t\t\t\t<\/div>\n\t\t\t\t\t<\/div>\n\t\t<\/div>\n\t\t\t\t\t\t\t<\/div>\n\t\t<\/section>\n\t\t\t\t<section class=\"elementor-section elementor-top-section elementor-element elementor-element-e98342d elementor-section-full_width elementor-section-stretched elementor-section-height-default elementor-section-height-default\" data-id=\"e98342d\" data-element_type=\"section\" data-settings=\"{&quot;stretch_section&quot;:&quot;section-stretched&quot;}\">\n\t\t\t\t\t\t<div class=\"elementor-container elementor-column-gap-default\">\n\t\t\t\t\t<div class=\"elementor-column elementor-col-100 elementor-top-column elementor-element elementor-element-e16f814\" data-id=\"e16f814\" data-element_type=\"column\">\n\t\t\t<div class=\"elementor-widget-wrap elementor-element-populated\">\n\t\t\t\t\t\t\t\t<div class=\"elementor-element elementor-element-475eba9 elementor-widget elementor-widget-text-editor\" data-id=\"475eba9\" data-element_type=\"widget\" data-widget_type=\"text-editor.default\">\n\t\t\t\t<div class=\"elementor-widget-container\">\n\t\t\t\t\t\t\t<table class=\"table table-bordered\">\n<thead>\n<tr>\n<th class=\"text-center\" colspan=\"7\"><span style=\"color: #000000;\">PRINTED ROLL WASTE GROUP<\/span><\/th>\n<\/tr>\n<\/thead>\n<tbody>\n<tr>\n<td><span style=\"color: #000000;\">BRAND<\/span><\/td>\n<td><span style=\"color: #000000;\">RAW MATERIAL<\/span><\/td>\n<td><span style=\"color: #000000;\">ROLL WEIGHT<\/span><\/td>\n<td><span style=\"color: #000000;\">SIZE<\/span><\/td>\n<td><span style=\"color: #000000;\">NUMBER OF BAGS ON ROLL<\/span><\/td>\n<td><span style=\"color: #000000;\">NUMBER OF ROLLS IN PARCEL<\/span><\/td>\n<td><span style=\"color: #000000;\">COLOR<\/span><\/td>\n<\/tr>\n<tr>\n<td rowspan=\"4\"><span style=\"color: #000000;\">ASPA<\/span><\/td>\n<td rowspan=\"4\"><span style=\"color: #000000;\">AYPE (LDPE) RECYCLING <\/span><\/td>\n<\/tr>\n<tr>\n<td><span style=\"color: #000000;\">850 GR<\/span><\/td>\n<td><span style=\"color: #000000;\">80 X 110<\/span><\/td>\n<td><span style=\"color: #000000;\">10<\/span><\/td>\n<td><span style=\"color: #000000;\">10<\/span><\/td>\n<td><span style=\"color: #000000;\">MEDICAL WASTE BAG<\/span><\/td>\n<\/tr>\n<tr>\n<td><span style=\"color: #000000;\">850 GR<\/span><\/td>\n<td><span style=\"color: #000000;\">80 X 110<\/span><\/td>\n<td><span style=\"color: #000000;\">10<\/span><\/td>\n<td><span style=\"color: #000000;\">10<\/span><\/td>\n<td><span style=\"color: #000000;\">RECYCLING BAG<\/span><\/td>\n<\/tr>\n<tr>\n<td><span style=\"color: #000000;\">850 GR<\/span><\/td>\n<td><span style=\"color: #000000;\">80 X 110<\/span><\/td>\n<td><span style=\"color: #000000;\">10<\/span><\/td>\n<td><span style=\"color: #000000;\">10<\/span><\/td>\n<td><span style=\"color: #000000;\">HOUSEHOLD WASTE BAG<\/span><\/td>\n<\/tr>\n<\/tbody>\n<\/table>\t\t\t\t\t\t<\/div>\n\t\t\t\t<\/div>\n\t\t\t\t\t<\/div>\n\t\t<\/div>\n\t\t\t\t\t\t\t<\/div>\n\t\t<\/section>\n\t\t\t\t<section class=\"elementor-section elementor-top-section elementor-element elementor-element-c4c6223 elementor-section-full_width elementor-section-stretched elementor-section-height-default elementor-section-height-default\" data-id=\"c4c6223\" data-element_type=\"section\" data-settings=\"{&quot;stretch_section&quot;:&quot;section-stretched&quot;}\">\n\t\t\t\t\t\t<div class=\"elementor-container elementor-column-gap-default\">\n\t\t\t\t\t<div class=\"elementor-column elementor-col-100 elementor-top-column elementor-element elementor-element-baa9ef6\" data-id=\"baa9ef6\" data-element_type=\"column\">\n\t\t\t<div class=\"elementor-widget-wrap elementor-element-populated\">\n\t\t\t\t\t\t\t\t<div class=\"elementor-element elementor-element-808455f elementor-widget elementor-widget-text-editor\" data-id=\"808455f\" data-element_type=\"widget\" data-widget_type=\"text-editor.default\">\n\t\t\t\t<div class=\"elementor-widget-container\">\n\t\t\t\t\t\t\t<table class=\"table table-bordered table-responsive\">\n<thead>\n<tr>\n<th class=\"text-center\" colspan=\"7\"><span style=\"color: #000000;\">BULK WASTE BAG GROUP<\/span><\/th>\n<\/tr>\n<\/thead>\n<tbody>\n<tr>\n<td><span style=\"color: #000000;\">BRAND<\/span><\/td>\n<td><span style=\"color: #000000;\">RAW MATERIAL<\/span><\/td>\n<td><span style=\"color: #000000;\">BAG WEIGHT<\/span><\/td>\n<td><span style=\"color: #000000;\">SIZE<\/span><\/td>\n<td><span style=\"color: #000000;\">NUMBER OF PIECES PER KILO<\/span><\/td>\n<td><span style=\"color: #000000;\">PARCEL WEIGHT<\/span><\/td>\n<td><span style=\"color: #000000;\">COLOR<\/span><\/td>\n<\/tr>\n<tr>\n<td rowspan=\"3\"><span style=\"color: #000000;\">ASPA<\/span><\/td>\n<td rowspan=\"3\"><span style=\"color: #000000;\">AYPE (LDPE) RECYCLING <\/span><\/td>\n<\/tr>\n<tr>\n<td><span style=\"color: #000000;\">100 GR<\/span><\/td>\n<td><span style=\"color: #000000;\">80 X 110<\/span><\/td>\n<td><span style=\"color: #000000;\">10<\/span><\/td>\n<td><span style=\"color: #000000;\">20<\/span><\/td>\n<td rowspan=\"3\"><span style=\"color: #000000;\">BLACK,<\/span>\n<span style=\"color: #000000;\">RED,<\/span>\n<span style=\"color: #000000;\">BLUE<\/span>\n<span style=\"color: #000000;\">ETC.<\/span><\/td>\n<\/tr>\n<tr>\n<td><span style=\"color: #000000;\">70 GR<\/span><\/td>\n<td><span style=\"color: #000000;\">70 X 90<\/span><\/td>\n<td><span style=\"color: #000000;\">14<\/span><\/td>\n<td><span style=\"color: #000000;\">20<\/span><\/td>\n<\/tr>\n<\/tbody>\n<\/table>\t\t\t\t\t\t<\/div>\n\t\t\t\t<\/div>\n\t\t\t\t\t<\/div>\n\t\t<\/div>\n\t\t\t\t\t\t\t<\/div>\n\t\t<\/section>\n\t\t\t\t\t\t<\/div>\n\t\t\t\t\t<\/div>\n\t\t","protected":false},"excerpt":{"rendered":"<p>ROLL GROUP BRAND RAW MATERIAL ROLL WEIGHT SIZE NUMBER OF BAGS ON ROLL NUMBER OF ROLLS IN PARCEL COLOR ASPA AYPE (LDPE) RECYCLING 350 GR 80<span class=\"excerpt-hellip\"> [\u2026]<\/span><\/p>\n","protected":false},"author":1,"featured_media":0,"parent":0,"menu_order":0,"comment_status":"closed","ping_status":"closed","template":"","meta":{"footnotes":""},"class_list":["post-2156","page","type-page","status-publish","hentry"],"_links":{"self":[{"href":"https:\/\/aspaplastik.com\/en\/wp-json\/wp\/v2\/pages\/2156","targetHints":{"allow":["GET"]}}],"collection":[{"href":"https:\/\/aspaplastik.com\/en\/wp-json\/wp\/v2\/pages"}],"about":[{"href":"https:\/\/aspaplastik.com\/en\/wp-json\/wp\/v2\/types\/page"}],"author":[{"embeddable":true,"href":"https:\/\/aspaplastik.com\/en\/wp-json\/wp\/v2\/users\/1"}],"replies":[{"embeddable":true,"href":"https:\/\/aspaplastik.com\/en\/wp-json\/wp\/v2\/comments?post=2156"}],"version-history":[{"count":19,"href":"https:\/\/aspaplastik.com\/en\/wp-json\/wp\/v2\/pages\/2156\/revisions"}],"predecessor-version":[{"id":2175,"href":"https:\/\/aspaplastik.com\/en\/wp-json\/wp\/v2\/pages\/2156\/revisions\/2175"}],"wp:attachment":[{"href":"https:\/\/aspaplastik.com\/en\/wp-json\/wp\/v2\/media?parent=2156"}],"curies":[{"name":"wp","href":"https:\/\/api.w.org\/{rel}","templated":true}]}}